{"id":2878,"date":"2021-12-08T13:34:37","date_gmt":"2021-12-08T13:34:37","guid":{"rendered":"https:\/\/paklog.si\/paklog\/"},"modified":"2024-03-12T08:04:26","modified_gmt":"2024-03-12T08:04:26","slug":"paklog","status":"publish","type":"page","link":"https:\/\/paklog.si\/sr\/","title":{"rendered":"Kvalitetno i pouzdano pakovanje"},"content":{"rendered":"","protected":false},"excerpt":{"rendered":"","protected":false},"author":1,"featured_media":2871,"parent":0,"menu_order":0,"comment_status":"closed","ping_status":"closed","template":"","meta":{"_acf_changed":false,"footnotes":""},"class_list":["post-2878","page","type-page","status-publish","has-post-thumbnail","hentry"],"acf":[],"yoast_head":"<!-- This site is optimized with the Yoast SEO plugin v27.3 - https:\/\/yoast.com\/product\/yoast-seo-wordpress\/ -->\n<title>Kvalitetno i pouzdano pakovanje - Paklog - Slovenija<\/title>\n<meta name=\"description\" content=\"Paklog je sodoben pakirni in logisti\u010dni center. Pakiranje va\u0161ega tovora prepustite strokovnjakom. Ve\u010d kot 50 let izku\u0161enj v prekomorskem pakiranju.\" \/>\n<meta name=\"robots\" content=\"index, follow, max-snippet:-1, max-image-preview:large, max-video-preview:-1\" \/>\n<link rel=\"canonical\" href=\"https:\/\/paklog.si\/sr\/\" \/>\n<meta property=\"og:locale\" content=\"sr_RS\" \/>\n<meta property=\"og:type\" content=\"article\" \/>\n<meta property=\"og:title\" content=\"Kvalitetno i pouzdano pakovanje - Paklog - Slovenija\" \/>\n<meta property=\"og:description\" content=\"Paklog je sodoben pakirni in logisti\u010dni center. Pakiranje va\u0161ega tovora prepustite strokovnjakom. Ve\u010d kot 50 let izku\u0161enj v prekomorskem pakiranju.\" \/>\n<meta property=\"og:url\" content=\"https:\/\/paklog.si\/sr\/\" \/>\n<meta property=\"og:site_name\" content=\"Paklog\" \/>\n<meta property=\"article:modified_time\" content=\"2024-03-12T08:04:26+00:00\" \/>\n<meta property=\"og:image\" content=\"https:\/\/paklog.si\/wp-content\/uploads\/2022\/08\/prekomorsko-pakiranje-tovora-lesena-embalaza-paklog-2-1.jpg\" \/>\n\t<meta property=\"og:image:width\" content=\"2048\" \/>\n\t<meta property=\"og:image:height\" content=\"1535\" \/>\n\t<meta property=\"og:image:type\" content=\"image\/jpeg\" \/>\n<meta name=\"twitter:card\" content=\"summary_large_image\" \/>\n<meta name=\"twitter:label1\" content=\"\u041f\u0440\u043e\u0446\u0435\u045a\u0435\u043d\u043e \u0432\u0440\u0435\u043c\u0435 \u0447\u0438\u0442\u0430\u045a\u0430\" \/>\n\t<meta name=\"twitter:data1\" content=\"1 \u043c\u0438\u043d\u0443\u0442\" \/>\n<script type=\"application\/ld+json\" class=\"yoast-schema-graph\">{\"@context\":\"https:\\\/\\\/schema.org\",\"@graph\":[{\"@type\":\"WebPage\",\"@id\":\"https:\\\/\\\/paklog.si\\\/sr\\\/\",\"url\":\"https:\\\/\\\/paklog.si\\\/sr\\\/\",\"name\":\"Kvalitetno i pouzdano pakovanje - Paklog - Slovenija\",\"isPartOf\":{\"@id\":\"https:\\\/\\\/paklog.si\\\/sr\\\/#website\"},\"primaryImageOfPage\":{\"@id\":\"https:\\\/\\\/paklog.si\\\/sr\\\/#primaryimage\"},\"image\":{\"@id\":\"https:\\\/\\\/paklog.si\\\/sr\\\/#primaryimage\"},\"thumbnailUrl\":\"https:\\\/\\\/paklog.si\\\/wp-content\\\/uploads\\\/2022\\\/08\\\/prekomorsko-pakiranje-tovora-lesena-embalaza-paklog-2-1.jpg\",\"datePublished\":\"2021-12-08T13:34:37+00:00\",\"dateModified\":\"2024-03-12T08:04:26+00:00\",\"description\":\"Paklog je sodoben pakirni in logisti\u010dni center. Pakiranje va\u0161ega tovora prepustite strokovnjakom. Ve\u010d kot 50 let izku\u0161enj v prekomorskem pakiranju.\",\"breadcrumb\":{\"@id\":\"https:\\\/\\\/paklog.si\\\/sr\\\/#breadcrumb\"},\"inLanguage\":\"sr-RS\",\"potentialAction\":[{\"@type\":\"ReadAction\",\"target\":[\"https:\\\/\\\/paklog.si\\\/sr\\\/\"]}]},{\"@type\":\"ImageObject\",\"inLanguage\":\"sr-RS\",\"@id\":\"https:\\\/\\\/paklog.si\\\/sr\\\/#primaryimage\",\"url\":\"https:\\\/\\\/paklog.si\\\/wp-content\\\/uploads\\\/2022\\\/08\\\/prekomorsko-pakiranje-tovora-lesena-embalaza-paklog-2-1.jpg\",\"contentUrl\":\"https:\\\/\\\/paklog.si\\\/wp-content\\\/uploads\\\/2022\\\/08\\\/prekomorsko-pakiranje-tovora-lesena-embalaza-paklog-2-1.jpg\",\"width\":2048,\"height\":1535},{\"@type\":\"BreadcrumbList\",\"@id\":\"https:\\\/\\\/paklog.si\\\/sr\\\/#breadcrumb\",\"itemListElement\":[{\"@type\":\"ListItem\",\"position\":1,\"name\":\"Ku\u0107a\",\"item\":\"https:\\\/\\\/paklog.si\\\/sr\\\/\"},{\"@type\":\"ListItem\",\"position\":2,\"name\":\"Kvalitetno i pouzdano pakovanje\"}]},{\"@type\":\"WebSite\",\"@id\":\"https:\\\/\\\/paklog.si\\\/sr\\\/#website\",\"url\":\"https:\\\/\\\/paklog.si\\\/sr\\\/\",\"name\":\"Paklog\",\"description\":\"Kvalitetno in zanesljivo pakiranje\",\"publisher\":{\"@id\":\"https:\\\/\\\/paklog.si\\\/sr\\\/#organization\"},\"potentialAction\":[{\"@type\":\"SearchAction\",\"target\":{\"@type\":\"EntryPoint\",\"urlTemplate\":\"https:\\\/\\\/paklog.si\\\/sr\\\/?s={search_term_string}\"},\"query-input\":{\"@type\":\"PropertyValueSpecification\",\"valueRequired\":true,\"valueName\":\"search_term_string\"}}],\"inLanguage\":\"sr-RS\"},{\"@type\":\"Organization\",\"@id\":\"https:\\\/\\\/paklog.si\\\/sr\\\/#organization\",\"name\":\"Paklog\",\"url\":\"https:\\\/\\\/paklog.si\\\/sr\\\/\",\"logo\":{\"@type\":\"ImageObject\",\"inLanguage\":\"sr-RS\",\"@id\":\"https:\\\/\\\/paklog.si\\\/sr\\\/#\\\/schema\\\/logo\\\/image\\\/\",\"url\":\"https:\\\/\\\/paklog.si\\\/wp-content\\\/uploads\\\/2022\\\/05\\\/cropped-FAVICON-paklog-2.png\",\"contentUrl\":\"https:\\\/\\\/paklog.si\\\/wp-content\\\/uploads\\\/2022\\\/05\\\/cropped-FAVICON-paklog-2.png\",\"width\":512,\"height\":512,\"caption\":\"Paklog\"},\"image\":{\"@id\":\"https:\\\/\\\/paklog.si\\\/sr\\\/#\\\/schema\\\/logo\\\/image\\\/\"}}]}<\/script>\n<!-- \/ Yoast SEO plugin. -->","yoast_head_json":{"title":"Kvalitetno i pouzdano pakovanje - Paklog - Slovenija","description":"Paklog je sodoben pakirni in logisti\u010dni center. Pakiranje va\u0161ega tovora prepustite strokovnjakom. Ve\u010d kot 50 let izku\u0161enj v prekomorskem pakiranju.","robots":{"index":"index","follow":"follow","max-snippet":"max-snippet:-1","max-image-preview":"max-image-preview:large","max-video-preview":"max-video-preview:-1"},"canonical":"https:\/\/paklog.si\/sr\/","og_locale":"sr_RS","og_type":"article","og_title":"Kvalitetno i pouzdano pakovanje - Paklog - Slovenija","og_description":"Paklog je sodoben pakirni in logisti\u010dni center. Pakiranje va\u0161ega tovora prepustite strokovnjakom. Ve\u010d kot 50 let izku\u0161enj v prekomorskem pakiranju.","og_url":"https:\/\/paklog.si\/sr\/","og_site_name":"Paklog","article_modified_time":"2024-03-12T08:04:26+00:00","og_image":[{"width":2048,"height":1535,"url":"https:\/\/paklog.si\/wp-content\/uploads\/2022\/08\/prekomorsko-pakiranje-tovora-lesena-embalaza-paklog-2-1.jpg","type":"image\/jpeg"}],"twitter_card":"summary_large_image","twitter_misc":{"\u041f\u0440\u043e\u0446\u0435\u045a\u0435\u043d\u043e \u0432\u0440\u0435\u043c\u0435 \u0447\u0438\u0442\u0430\u045a\u0430":"1 \u043c\u0438\u043d\u0443\u0442"},"schema":{"@context":"https:\/\/schema.org","@graph":[{"@type":"WebPage","@id":"https:\/\/paklog.si\/sr\/","url":"https:\/\/paklog.si\/sr\/","name":"Kvalitetno i pouzdano pakovanje - Paklog - Slovenija","isPartOf":{"@id":"https:\/\/paklog.si\/sr\/#website"},"primaryImageOfPage":{"@id":"https:\/\/paklog.si\/sr\/#primaryimage"},"image":{"@id":"https:\/\/paklog.si\/sr\/#primaryimage"},"thumbnailUrl":"https:\/\/paklog.si\/wp-content\/uploads\/2022\/08\/prekomorsko-pakiranje-tovora-lesena-embalaza-paklog-2-1.jpg","datePublished":"2021-12-08T13:34:37+00:00","dateModified":"2024-03-12T08:04:26+00:00","description":"Paklog je sodoben pakirni in logisti\u010dni center. Pakiranje va\u0161ega tovora prepustite strokovnjakom. Ve\u010d kot 50 let izku\u0161enj v prekomorskem pakiranju.","breadcrumb":{"@id":"https:\/\/paklog.si\/sr\/#breadcrumb"},"inLanguage":"sr-RS","potentialAction":[{"@type":"ReadAction","target":["https:\/\/paklog.si\/sr\/"]}]},{"@type":"ImageObject","inLanguage":"sr-RS","@id":"https:\/\/paklog.si\/sr\/#primaryimage","url":"https:\/\/paklog.si\/wp-content\/uploads\/2022\/08\/prekomorsko-pakiranje-tovora-lesena-embalaza-paklog-2-1.jpg","contentUrl":"https:\/\/paklog.si\/wp-content\/uploads\/2022\/08\/prekomorsko-pakiranje-tovora-lesena-embalaza-paklog-2-1.jpg","width":2048,"height":1535},{"@type":"BreadcrumbList","@id":"https:\/\/paklog.si\/sr\/#breadcrumb","itemListElement":[{"@type":"ListItem","position":1,"name":"Ku\u0107a","item":"https:\/\/paklog.si\/sr\/"},{"@type":"ListItem","position":2,"name":"Kvalitetno i pouzdano pakovanje"}]},{"@type":"WebSite","@id":"https:\/\/paklog.si\/sr\/#website","url":"https:\/\/paklog.si\/sr\/","name":"Paklog","description":"Kvalitetno in zanesljivo pakiranje","publisher":{"@id":"https:\/\/paklog.si\/sr\/#organization"},"potentialAction":[{"@type":"SearchAction","target":{"@type":"EntryPoint","urlTemplate":"https:\/\/paklog.si\/sr\/?s={search_term_string}"},"query-input":{"@type":"PropertyValueSpecification","valueRequired":true,"valueName":"search_term_string"}}],"inLanguage":"sr-RS"},{"@type":"Organization","@id":"https:\/\/paklog.si\/sr\/#organization","name":"Paklog","url":"https:\/\/paklog.si\/sr\/","logo":{"@type":"ImageObject","inLanguage":"sr-RS","@id":"https:\/\/paklog.si\/sr\/#\/schema\/logo\/image\/","url":"https:\/\/paklog.si\/wp-content\/uploads\/2022\/05\/cropped-FAVICON-paklog-2.png","contentUrl":"https:\/\/paklog.si\/wp-content\/uploads\/2022\/05\/cropped-FAVICON-paklog-2.png","width":512,"height":512,"caption":"Paklog"},"image":{"@id":"https:\/\/paklog.si\/sr\/#\/schema\/logo\/image\/"}}]}},"_links":{"self":[{"href":"https:\/\/paklog.si\/sr\/wp-json\/wp\/v2\/pages\/2878","targetHints":{"allow":["GET"]}}],"collection":[{"href":"https:\/\/paklog.si\/sr\/wp-json\/wp\/v2\/pages"}],"about":[{"href":"https:\/\/paklog.si\/sr\/wp-json\/wp\/v2\/types\/page"}],"author":[{"embeddable":true,"href":"https:\/\/paklog.si\/sr\/wp-json\/wp\/v2\/users\/1"}],"replies":[{"embeddable":true,"href":"https:\/\/paklog.si\/sr\/wp-json\/wp\/v2\/comments?post=2878"}],"version-history":[{"count":11,"href":"https:\/\/paklog.si\/sr\/wp-json\/wp\/v2\/pages\/2878\/revisions"}],"predecessor-version":[{"id":4823,"href":"https:\/\/paklog.si\/sr\/wp-json\/wp\/v2\/pages\/2878\/revisions\/4823"}],"wp:featuredmedia":[{"embeddable":true,"href":"https:\/\/paklog.si\/sr\/wp-json\/wp\/v2\/media\/2871"}],"wp:attachment":[{"href":"https:\/\/paklog.si\/sr\/wp-json\/wp\/v2\/media?parent=2878"}],"curies":[{"name":"wp","href":"https:\/\/api.w.org\/{rel}","templated":true}]}}