{"id":2125,"date":"2021-12-16T07:06:25","date_gmt":"2021-12-16T07:06:25","guid":{"rendered":"https:\/\/paklog.si\/terenska-pakirna-enota\/"},"modified":"2023-11-27T10:02:17","modified_gmt":"2023-11-27T10:02:17","slug":"tim-za-pakiranje-na-terenu","status":"publish","type":"page","link":"https:\/\/paklog.si\/hr\/tim-za-pakiranje-na-terenu\/","title":{"rendered":"Tim za pakiranje na terenu"},"content":{"rendered":"","protected":false},"excerpt":{"rendered":"","protected":false},"author":1,"featured_media":1028,"parent":0,"menu_order":0,"comment_status":"closed","ping_status":"closed","template":"","meta":{"_acf_changed":false,"footnotes":""},"class_list":["post-2125","page","type-page","status-publish","has-post-thumbnail","hentry"],"acf":[],"yoast_head":"<!-- This site is optimized with the Yoast SEO plugin v27.0 - https:\/\/yoast.com\/product\/yoast-seo-wordpress\/ -->\n<title>Tim za pakiranje na terenu - Paklog - Pakiramo tudi na va\u0161em dvori\u0161\u010du.<\/title>\n<meta name=\"description\" content=\"\u017delite, da tovor zapakiramo pri vas? Na\u0161e terenske pakirne enote pokrivajo celotno Slovenijo. Pakiramo lahko tudi v Luki Koper.\" \/>\n<meta name=\"robots\" content=\"index, follow, max-snippet:-1, max-image-preview:large, max-video-preview:-1\" \/>\n<link rel=\"canonical\" href=\"https:\/\/paklog.si\/hr\/tim-za-pakiranje-na-terenu\/\" \/>\n<meta property=\"og:locale\" content=\"hr_HR\" \/>\n<meta property=\"og:type\" content=\"article\" \/>\n<meta property=\"og:title\" content=\"Tim za pakiranje na terenu - Paklog - Pakiramo tudi na va\u0161em dvori\u0161\u010du.\" \/>\n<meta property=\"og:description\" content=\"\u017delite, da tovor zapakiramo pri vas? Na\u0161e terenske pakirne enote pokrivajo celotno Slovenijo. Pakiramo lahko tudi v Luki Koper.\" \/>\n<meta property=\"og:url\" content=\"https:\/\/paklog.si\/hr\/tim-za-pakiranje-na-terenu\/\" \/>\n<meta property=\"og:site_name\" content=\"Paklog\" \/>\n<meta property=\"article:modified_time\" content=\"2023-11-27T10:02:17+00:00\" \/>\n<meta property=\"og:image\" content=\"https:\/\/paklog.si\/wp-content\/uploads\/2022\/05\/terenska-pakirna-ekipa-on-site-packing-furgon.jpg\" \/>\n\t<meta property=\"og:image:width\" content=\"2048\" \/>\n\t<meta property=\"og:image:height\" content=\"1365\" \/>\n\t<meta property=\"og:image:type\" content=\"image\/jpeg\" \/>\n<meta name=\"twitter:card\" content=\"summary_large_image\" \/>\n<script type=\"application\/ld+json\" class=\"yoast-schema-graph\">{\"@context\":\"https:\/\/schema.org\",\"@graph\":[{\"@type\":\"WebPage\",\"@id\":\"https:\/\/paklog.si\/hr\/tim-za-pakiranje-na-terenu\/\",\"url\":\"https:\/\/paklog.si\/hr\/tim-za-pakiranje-na-terenu\/\",\"name\":\"Tim za pakiranje na terenu - Paklog - Pakiramo tudi na va\u0161em dvori\u0161\u010du.\",\"isPartOf\":{\"@id\":\"https:\/\/paklog.si\/hr\/#website\"},\"primaryImageOfPage\":{\"@id\":\"https:\/\/paklog.si\/hr\/tim-za-pakiranje-na-terenu\/#primaryimage\"},\"image\":{\"@id\":\"https:\/\/paklog.si\/hr\/tim-za-pakiranje-na-terenu\/#primaryimage\"},\"thumbnailUrl\":\"https:\/\/paklog.si\/wp-content\/uploads\/2022\/05\/terenska-pakirna-ekipa-on-site-packing-furgon.jpg\",\"datePublished\":\"2021-12-16T07:06:25+00:00\",\"dateModified\":\"2023-11-27T10:02:17+00:00\",\"description\":\"\u017delite, da tovor zapakiramo pri vas? Na\u0161e terenske pakirne enote pokrivajo celotno Slovenijo. Pakiramo lahko tudi v Luki Koper.\",\"breadcrumb\":{\"@id\":\"https:\/\/paklog.si\/hr\/tim-za-pakiranje-na-terenu\/#breadcrumb\"},\"inLanguage\":\"hr\",\"potentialAction\":[{\"@type\":\"ReadAction\",\"target\":[\"https:\/\/paklog.si\/hr\/tim-za-pakiranje-na-terenu\/\"]}]},{\"@type\":\"ImageObject\",\"inLanguage\":\"hr\",\"@id\":\"https:\/\/paklog.si\/hr\/tim-za-pakiranje-na-terenu\/#primaryimage\",\"url\":\"https:\/\/paklog.si\/wp-content\/uploads\/2022\/05\/terenska-pakirna-ekipa-on-site-packing-furgon.jpg\",\"contentUrl\":\"https:\/\/paklog.si\/wp-content\/uploads\/2022\/05\/terenska-pakirna-ekipa-on-site-packing-furgon.jpg\",\"width\":2048,\"height\":1365},{\"@type\":\"BreadcrumbList\",\"@id\":\"https:\/\/paklog.si\/hr\/tim-za-pakiranje-na-terenu\/#breadcrumb\",\"itemListElement\":[{\"@type\":\"ListItem\",\"position\":1,\"name\":\"Dom\",\"item\":\"https:\/\/paklog.si\/hr\/\"},{\"@type\":\"ListItem\",\"position\":2,\"name\":\"Tim za pakiranje na terenu\"}]},{\"@type\":\"WebSite\",\"@id\":\"https:\/\/paklog.si\/hr\/#website\",\"url\":\"https:\/\/paklog.si\/hr\/\",\"name\":\"Paklog\",\"description\":\"Kvalitetno in zanesljivo pakiranje\",\"publisher\":{\"@id\":\"https:\/\/paklog.si\/hr\/#organization\"},\"potentialAction\":[{\"@type\":\"SearchAction\",\"target\":{\"@type\":\"EntryPoint\",\"urlTemplate\":\"https:\/\/paklog.si\/hr\/?s={search_term_string}\"},\"query-input\":{\"@type\":\"PropertyValueSpecification\",\"valueRequired\":true,\"valueName\":\"search_term_string\"}}],\"inLanguage\":\"hr\"},{\"@type\":\"Organization\",\"@id\":\"https:\/\/paklog.si\/hr\/#organization\",\"name\":\"Paklog\",\"url\":\"https:\/\/paklog.si\/hr\/\",\"logo\":{\"@type\":\"ImageObject\",\"inLanguage\":\"hr\",\"@id\":\"https:\/\/paklog.si\/hr\/#\/schema\/logo\/image\/\",\"url\":\"https:\/\/paklog.si\/wp-content\/uploads\/2022\/05\/cropped-FAVICON-paklog-2.png\",\"contentUrl\":\"https:\/\/paklog.si\/wp-content\/uploads\/2022\/05\/cropped-FAVICON-paklog-2.png\",\"width\":512,\"height\":512,\"caption\":\"Paklog\"},\"image\":{\"@id\":\"https:\/\/paklog.si\/hr\/#\/schema\/logo\/image\/\"}}]}<\/script>\n<!-- \/ Yoast SEO plugin. -->","yoast_head_json":{"title":"Tim za pakiranje na terenu - Paklog - Pakiramo tudi na va\u0161em dvori\u0161\u010du.","description":"\u017delite, da tovor zapakiramo pri vas? Na\u0161e terenske pakirne enote pokrivajo celotno Slovenijo. Pakiramo lahko tudi v Luki Koper.","robots":{"index":"index","follow":"follow","max-snippet":"max-snippet:-1","max-image-preview":"max-image-preview:large","max-video-preview":"max-video-preview:-1"},"canonical":"https:\/\/paklog.si\/hr\/tim-za-pakiranje-na-terenu\/","og_locale":"hr_HR","og_type":"article","og_title":"Tim za pakiranje na terenu - Paklog - Pakiramo tudi na va\u0161em dvori\u0161\u010du.","og_description":"\u017delite, da tovor zapakiramo pri vas? Na\u0161e terenske pakirne enote pokrivajo celotno Slovenijo. Pakiramo lahko tudi v Luki Koper.","og_url":"https:\/\/paklog.si\/hr\/tim-za-pakiranje-na-terenu\/","og_site_name":"Paklog","article_modified_time":"2023-11-27T10:02:17+00:00","og_image":[{"width":2048,"height":1365,"url":"https:\/\/paklog.si\/wp-content\/uploads\/2022\/05\/terenska-pakirna-ekipa-on-site-packing-furgon.jpg","type":"image\/jpeg"}],"twitter_card":"summary_large_image","schema":{"@context":"https:\/\/schema.org","@graph":[{"@type":"WebPage","@id":"https:\/\/paklog.si\/hr\/tim-za-pakiranje-na-terenu\/","url":"https:\/\/paklog.si\/hr\/tim-za-pakiranje-na-terenu\/","name":"Tim za pakiranje na terenu - Paklog - Pakiramo tudi na va\u0161em dvori\u0161\u010du.","isPartOf":{"@id":"https:\/\/paklog.si\/hr\/#website"},"primaryImageOfPage":{"@id":"https:\/\/paklog.si\/hr\/tim-za-pakiranje-na-terenu\/#primaryimage"},"image":{"@id":"https:\/\/paklog.si\/hr\/tim-za-pakiranje-na-terenu\/#primaryimage"},"thumbnailUrl":"https:\/\/paklog.si\/wp-content\/uploads\/2022\/05\/terenska-pakirna-ekipa-on-site-packing-furgon.jpg","datePublished":"2021-12-16T07:06:25+00:00","dateModified":"2023-11-27T10:02:17+00:00","description":"\u017delite, da tovor zapakiramo pri vas? Na\u0161e terenske pakirne enote pokrivajo celotno Slovenijo. Pakiramo lahko tudi v Luki Koper.","breadcrumb":{"@id":"https:\/\/paklog.si\/hr\/tim-za-pakiranje-na-terenu\/#breadcrumb"},"inLanguage":"hr","potentialAction":[{"@type":"ReadAction","target":["https:\/\/paklog.si\/hr\/tim-za-pakiranje-na-terenu\/"]}]},{"@type":"ImageObject","inLanguage":"hr","@id":"https:\/\/paklog.si\/hr\/tim-za-pakiranje-na-terenu\/#primaryimage","url":"https:\/\/paklog.si\/wp-content\/uploads\/2022\/05\/terenska-pakirna-ekipa-on-site-packing-furgon.jpg","contentUrl":"https:\/\/paklog.si\/wp-content\/uploads\/2022\/05\/terenska-pakirna-ekipa-on-site-packing-furgon.jpg","width":2048,"height":1365},{"@type":"BreadcrumbList","@id":"https:\/\/paklog.si\/hr\/tim-za-pakiranje-na-terenu\/#breadcrumb","itemListElement":[{"@type":"ListItem","position":1,"name":"Dom","item":"https:\/\/paklog.si\/hr\/"},{"@type":"ListItem","position":2,"name":"Tim za pakiranje na terenu"}]},{"@type":"WebSite","@id":"https:\/\/paklog.si\/hr\/#website","url":"https:\/\/paklog.si\/hr\/","name":"Paklog","description":"Kvalitetno in zanesljivo pakiranje","publisher":{"@id":"https:\/\/paklog.si\/hr\/#organization"},"potentialAction":[{"@type":"SearchAction","target":{"@type":"EntryPoint","urlTemplate":"https:\/\/paklog.si\/hr\/?s={search_term_string}"},"query-input":{"@type":"PropertyValueSpecification","valueRequired":true,"valueName":"search_term_string"}}],"inLanguage":"hr"},{"@type":"Organization","@id":"https:\/\/paklog.si\/hr\/#organization","name":"Paklog","url":"https:\/\/paklog.si\/hr\/","logo":{"@type":"ImageObject","inLanguage":"hr","@id":"https:\/\/paklog.si\/hr\/#\/schema\/logo\/image\/","url":"https:\/\/paklog.si\/wp-content\/uploads\/2022\/05\/cropped-FAVICON-paklog-2.png","contentUrl":"https:\/\/paklog.si\/wp-content\/uploads\/2022\/05\/cropped-FAVICON-paklog-2.png","width":512,"height":512,"caption":"Paklog"},"image":{"@id":"https:\/\/paklog.si\/hr\/#\/schema\/logo\/image\/"}}]}},"_links":{"self":[{"href":"https:\/\/paklog.si\/hr\/wp-json\/wp\/v2\/pages\/2125","targetHints":{"allow":["GET"]}}],"collection":[{"href":"https:\/\/paklog.si\/hr\/wp-json\/wp\/v2\/pages"}],"about":[{"href":"https:\/\/paklog.si\/hr\/wp-json\/wp\/v2\/types\/page"}],"author":[{"embeddable":true,"href":"https:\/\/paklog.si\/hr\/wp-json\/wp\/v2\/users\/1"}],"replies":[{"embeddable":true,"href":"https:\/\/paklog.si\/hr\/wp-json\/wp\/v2\/comments?post=2125"}],"version-history":[{"count":5,"href":"https:\/\/paklog.si\/hr\/wp-json\/wp\/v2\/pages\/2125\/revisions"}],"predecessor-version":[{"id":4055,"href":"https:\/\/paklog.si\/hr\/wp-json\/wp\/v2\/pages\/2125\/revisions\/4055"}],"wp:featuredmedia":[{"embeddable":true,"href":"https:\/\/paklog.si\/hr\/wp-json\/wp\/v2\/media\/1028"}],"wp:attachment":[{"href":"https:\/\/paklog.si\/hr\/wp-json\/wp\/v2\/media?parent=2125"}],"curies":[{"name":"wp","href":"https:\/\/api.w.org\/{rel}","templated":true}]}}